

{"id":1211,"date":"2019-04-02T15:55:49","date_gmt":"2019-04-02T15:55:49","guid":{"rendered":"https:\/\/tamashi.eu\/privacybeleid\/"},"modified":"2019-09-03T12:34:47","modified_gmt":"2019-09-03T10:34:47","slug":"politique-de-confidentialite-de-tamashi","status":"publish","type":"page","link":"https:\/\/tamashi.eu\/fr\/politique-de-confidentialite-de-tamashi\/","title":{"rendered":"Politique de confidentialit\u00e9 de Tamashi"},"content":{"rendered":"\n<h4 class=\"wp-block-heading\">Cette politique de confidentialit\u00e9 vient compl\u00e9ter les conditions g\u00e9n\u00e9rales de vente de  <\/h4>\n\n\n\n<p>TAMASHI SPRL, dont le si\u00e8ge social est sis Bredabaan 279 bo\u00eete B3003 \u00e0 2930 Brasschaat (Belgique) et inscrite sous le num\u00e9ro d\u2019entreprise BE 0719.862.140, pr\u00eate une importance particuli\u00e8re \u00e0 la protection des donn\u00e9es \u00e0 caract\u00e8re personnel de ses clients et utilisateurs (d\u00e9nomm\u00e9s ensemble les \u00ab Utilisateurs \u00bb) du site web www.tamashi.eu (d\u00e9nomm\u00e9 le \u00ab Site web \u00bb). TAMASHI est responsable du traitement des donn\u00e9es \u00e0 caract\u00e8re personnel par le biais de son Site web. TAMASHI s\u2019engage \u00e0 respecter le r\u00e8glement g\u00e9n\u00e9ral sur la protection des donn\u00e9es (r\u00e8glement 2016\/679).<\/p>\n\n\n\n<ol class=\"wp-block-list\"><li>QUELLES DONN\u00c9ES SONT TRAIT\u00c9ES ?<\/li><\/ol>\n\n\n\n<p>TAMASHI traite les donn\u00e9es \u00e0 caract\u00e8re personnel suivantes des Utilisateurs :<br>\n\u2022    des informations \u00e0 propos de l\u2019appareil utilis\u00e9 (ordinateur\/appareil mobile) et de l\u2019utilisation du Site web, y compris leur adresse \u00e9lectronique, leur adresse IP, leur syst\u00e8me d\u2019exploitation, le type de leur navigateur, l\u2019heure et le lieu g\u00e9ographique ;<br>\n\u2022    des donn\u00e9es \u00e0 caract\u00e8re personnel n\u00e9cessaires pour utiliser le Site web ou pour passer commande : nom, pr\u00e9nom, date de naissance ou \u00e2ge, adresse, adresse \u00e9lectronique, num\u00e9ro de GSM\/t\u00e9l\u00e9phone, donn\u00e9es de facturation ou de paiement ;<br>\n\u2022    \u00e9ventuellement d\u2019autres informations que l\u2019Utilisateur d\u00e9cide lui-m\u00eame de fournir \u00e0 TAMASHI.<br>\nSi l\u2019Utilisateur fournit lui-m\u00eame des informations par le biais d\u2019un formulaire, les champs marqu\u00e9s d\u2019un (*) sont strictement n\u00e9cessaires aux fins pour lesquelles elles sont trait\u00e9es. Les autres champs peuvent \u00eatre compl\u00e9t\u00e9s pour faciliter la fourniture des services de TAMASHI.<br>\nLe nom et la photo de profil de l\u2019Utilisateur peuvent, le cas \u00e9ch\u00e9ant, \u00eatre reconnus automatiquement si l\u2019Utilisateur se connecte au Site web via Facebook ou un autre r\u00e9seau social. L\u2019Utilisateur accepte que le Site web r\u00e9cup\u00e8re des informations d\u2019autres r\u00e9seaux sociaux.<\/p>\n\n\n\n<ol class=\"wp-block-list\"><li>FINALIT\u00c9S DU TRAITEMENT<\/li><\/ol>\n\n\n\n<p>TAMASHI traite les donn\u00e9es \u00e0 caract\u00e8re personnel des Utilisateurs pour les finalit\u00e9s suivantes :<\/p>\n\n\n\n<ol class=\"wp-block-list\"><li>pour permettre aux CLIENTS d\u2019utiliser le Site web ;<\/li><li>pour am\u00e9liorer le contenu et la convivialit\u00e9 du Site web ;<\/li><li>pour la gestion de clients ;<\/li><li>pour la comptabilit\u00e9 et la facturation ;<\/li><li>pour informer les CLIENTS personnellement \u00e0 propos de nouveaux produits ou actions commerciales.<br>\nLes donn\u00e9es \u00e0 caract\u00e8re personnel des Utilisateurs peuvent \u00eatre communiqu\u00e9es aux entreprises li\u00e9es \u00e0 TAMASHI pour une ou plusieurs des finalit\u00e9s susmentionn\u00e9es. Avant que les donn\u00e9es \u00e0 caract\u00e8re personnel ne soient utilis\u00e9es pour la finalit\u00e9 E, un message d\u2019avertissement appara\u00eetra demandant aux Utilisateurs leur consentement explicite. La disposition pr\u00e9cit\u00e9e ne porte pas pr\u00e9judice au droit de TAMASHI de placer des annonces g\u00e9n\u00e9rales sur le Site web, tant pour TAMASHI que pour des tiers, sans message d\u2019avertissement pr\u00e9alable.<\/li><\/ol>\n\n\n\n<p>SI LE TRAITEMENT EST BAS\u00c9 SUR LE CONSENTEMENT DE L\u2019UTILISATEUR, CE DERNIER PEUT LE RETIRER \u00c0 TOUT MOMENT, SANS PORTER PR\u00c9JUDICE \u00c0 LA L\u00c9GITIMIT\u00c9 DU TRAITEMENT SUR LA BASE DU CONSENTEMENT AVANT SON RETRAIT.<\/p>\n\n\n\n<ol class=\"wp-block-list\"><li>FINALIT\u00c9S DU TRAITEMENT<\/li><\/ol>\n\n\n\n<p>TAMASHI met les donn\u00e9es \u00e0 caract\u00e8re personnel des Utilisateurs \u00e0 la disposition de son personnel en fonction des besoins. TAMASHI peut faire appel \u00e0 des sous-traitants pour traiter les donn\u00e9es \u00e0 caract\u00e8re personnel des Utilisateurs. TAMASHI peut transf\u00e9rer les donn\u00e9es \u00e0 caract\u00e8re personnel aux destinataires suivants (ou aux cat\u00e9gories suivantes de destinataires) au sein de l\u2019UE :<br>\n\u2022    des sous-traitants actifs dans le domaine des \u00e9tudes statistiques et des analyses ;<br>\n\u2022    des sous-traitants qui fournissent l\u2019h\u00e9bergement de ce Site web ;<br>\n\u2022    des organisations qui s\u2019occupent du traitement des paiements ;<br>\n\u2022    des organisations vis-\u00e0-vis desquelles TAMASHI a l\u2019obligation l\u00e9gale de partager les donn\u00e9es \u00e0 caract\u00e8re personnel.<br>\nTAMASHI se r\u00e9serve le droit de transmettre les donn\u00e9es \u00e0 caract\u00e8re personnel \u00e0 toute soci\u00e9t\u00e9 li\u00e9e ou soci\u00e9t\u00e9 souhaitant reprendre les activit\u00e9s, produits ou clients de TAMASHI.<\/p>\n\n\n\n<ol class=\"wp-block-list\"><li>CONSERVATION DES DONN\u00c9ES \u00c0 CARACT\u00c8RE PERSONNEL<\/li><\/ol>\n\n\n\n<p>TAMASHI s\u2019engage \u00e0 ne pas conserver les donn\u00e9es \u00e0 caract\u00e8re personnel des Utilisateurs plus longtemps que n\u00e9cessaire pour les finalit\u00e9s d\u00e9finies ci-dessus.<\/p>\n\n\n\n<ol class=\"wp-block-list\"><li>DROITS DES UTILISATEURS<\/li><\/ol>\n\n\n\n<p>L\u2019UTILISATEUR A LE DROIT D\u2019ACC\u00c9DER \u00c0 SES DONN\u00c9ES \u00c0 CARACT\u00c8RE PERSONNEL. L\u2019UTILISATEUR A \u00c9GALEMENT LE DROIT (I) DE DEMANDER LA CORRECTION DE DONN\u00c9ES \u00c0 CARACT\u00c8RE PERSONNEL INCORRECTES, ET (II) DE DEMANDER LA SUPPRESSION DE DONN\u00c9ES \u00c0 CARACT\u00c8RE PERSONNEL. L\u2019UTILISATEUR A \u00c9GALEMENT LE DROIT DE S\u2019OPPOSER AU TRAITEMENT DE SES DONN\u00c9ES \u00c0 CARACT\u00c8RE PERSONNEL \u00c0 DES FINS PUBLICITAIRES.<\/p>\n\n\n\n<p>Pour exercer les droits \u00e9num\u00e9r\u00e9s ci-dessus, l\u2019Utilisateur peut prendre contact avec TAMASHI \u00e0 l\u2019adresse \u00e9lectronique legal@tamashi.eu. TAMASHI communiquera \u00e0 l\u2019Utilisateur dans un (1) mois suivant la demande la suite qu\u2019elle y a donn\u00e9e. L\u2019Utilisateur a \u00e9galement le droit d\u2019introduire une r\u00e9clamation aupr\u00e8s de l\u2019autorit\u00e9 de contr\u00f4le de Belgique (Autorit\u00e9 de protection des donn\u00e9es, Rue de la Presse 35, 1000 Bruxelles, Belgique).<\/p>\n\n\n\n<ol class=\"wp-block-list\"><li>COOKIES<\/li><\/ol>\n\n\n\n<p>L\u2019UTILISATEUR PEUT REFUSER L\u2019INSTALLATION DE COOKIES DANS LES PARAM\u00c8TRES DE SON NAVIGATEUR. CE REFUS PEUT AVOIR UNE INCIDENCE N\u00c9GATIVE SUR LE FONCTIONNEMENT DE CERTAINES PARTIES DU SITE WEB.<\/p>\n\n\n\n<p>TAMASHI utilise des cookies pour faciliter l\u2019utilisation du Site web. Des cookies sont des fichiers qu\u2019un serveur web peut envoyer \u00e0 l\u2019ordinateur de l\u2019Utilisateur permettant l\u2019identification de l\u2019ordinateur pour la dur\u00e9e de la session. La plupart des navigateurs sont param\u00e9tr\u00e9s de mani\u00e8re \u00e0 accepter automatiquement ces cookies. Toutefois, l\u2019Utilisateur peut d\u00e9sactiver l\u2019enregistrement de cookies ou modifier les param\u00e8tres de son navigateur de mani\u00e8re \u00e0 recevoir une notification avant que le cookie ne soit enregistr\u00e9 sur son ordinateur. TAMASHI utilise les types de cookies suivants :<br>\n\u2022    Cookies de session : des cookies qui sont supprim\u00e9s lorsque le navigateur est ferm\u00e9. Ils ne sont conserv\u00e9s que pendant une session.<br>\n\u2022    Cookies permanents : des cookies qui sont conserv\u00e9s pendant un certain temps sur l\u2019appareil de l\u2019utilisateur final, variant d\u2019une (1) heure \u00e0 plusieurs jours\/mois (des cookies pour des formulaires en ligne, des cookies d\u2019authentification, des cookies pour la s\u00e9curisation de l\u2019utilisateur et des cookies pour la pr\u00e9f\u00e9rence de langue pour l\u2019interface d\u2019utilisateur).<br>\n\u2022    Cookies de premi\u00e8re partie : des cookies qui sont install\u00e9s par un site web au sein du domaine de TAMASHI (des cookies pour des formulaires en ligne, des cookies d\u2019authentification, des cookies pour la s\u00e9curisation de l\u2019utilisateur et des cookies pour la pr\u00e9f\u00e9rence de langue pour l\u2019interface d\u2019utilisateur).<br>\n\u2022    Cookies de tierces parties : des cookies qui sont install\u00e9s par des sites web hors du domaine de TAMASHI, que l\u2019utilisateur a visit\u00e9s et qui sont affich\u00e9s dans la barre d\u2019adresse du navigateur.<br>\nTAMASHI se r\u00e9serve le droit de modifier cette d\u00e9claration en mati\u00e8re de cookies \u00e0 tout moment.<\/p>\n\n\n\n<p>Version avril 2019<\/p>\n","protected":false},"excerpt":{"rendered":"<p>Cette politique de confidentialit\u00e9 vient compl\u00e9ter les conditions g\u00e9n\u00e9rales de vente de TAMASHI SPRL, dont le si\u00e8ge social est sis&#8230;<\/p>\n","protected":false},"author":1,"featured_media":0,"parent":0,"menu_order":0,"comment_status":"closed","ping_status":"open","template":"templates\/tpl-page.php","meta":{"spay_email":"","footnotes":""},"class_list":["post-1211","page","type-page","status-publish","hentry"],"_links":{"self":[{"href":"https:\/\/tamashi.eu\/fr\/wp-json\/wp\/v2\/pages\/1211\/"}],"collection":[{"href":"https:\/\/tamashi.eu\/fr\/wp-json\/wp\/v2\/pages\/"}],"about":[{"href":"https:\/\/tamashi.eu\/fr\/wp-json\/wp\/v2\/types\/page\/"}],"author":[{"embeddable":true,"href":"https:\/\/tamashi.eu\/fr\/wp-json\/wp\/v2\/users\/1\/"}],"replies":[{"embeddable":true,"href":"https:\/\/tamashi.eu\/fr\/wp-json\/wp\/v2\/comments\/?post=1211"}],"version-history":[{"count":0,"href":"https:\/\/tamashi.eu\/fr\/wp-json\/wp\/v2\/pages\/1211\/revisions\/"}],"wp:attachment":[{"href":"https:\/\/tamashi.eu\/fr\/wp-json\/wp\/v2\/media\/?parent=1211"}],"curies":[{"name":"wp","href":"https:\/\/api.w.org\/{rel}","templated":true}]}}