

{"id":1212,"date":"2019-08-28T17:31:55","date_gmt":"2019-08-28T15:31:55","guid":{"rendered":"https:\/\/tamashi.eu\/?page_id=1212"},"modified":"2020-02-06T13:35:07","modified_gmt":"2020-02-06T11:35:07","slug":"lhistoire-de-tamashi","status":"publish","type":"page","link":"https:\/\/tamashi.eu\/fr\/lhistoire-de-tamashi\/","title":{"rendered":"L\u2019histoire de Tamashi"},"content":{"rendered":"\n<blockquote class=\"wp-block-quote has-text-align-center is-layout-flow wp-block-quote-is-layout-flow\"><p>We\u2019re on a mission to make your mornings easier and healthier.<\/p><\/blockquote>\n\n\n\n<div style=\"height:110px\" aria-hidden=\"true\" class=\"wp-block-spacer\"><\/div>\n\n\n\n<h2 class=\"has-text-align-center wp-block-heading\">L\u2019histoire de Tamashi<\/h2>\n\n\n\n<div style=\"height:20px\" aria-hidden=\"true\" class=\"wp-block-spacer\"><\/div>\n\n\n\n<div style=\"height:20px\" aria-hidden=\"true\" class=\"wp-block-spacer\"><\/div>\n\n\n\n<div style=\"height:20px\" aria-hidden=\"true\" class=\"wp-block-spacer\"><\/div>\n\n\n\n<div style=\"height:20px\" aria-hidden=\"true\" class=\"wp-block-spacer\"><\/div>\n\n\n\n<div style=\"height:20px\" aria-hidden=\"true\" class=\"wp-block-spacer\"><\/div>\n\n\n\n<div style=\"height:20px\" aria-hidden=\"true\" class=\"wp-block-spacer\"><\/div>\n\n\n\n<div class=\"wp-block-columns has-2-columns align-items-center big is-layout-flex wp-container-core-columns-is-layout-9d6595d7 wp-block-columns-is-layout-flex\">\n<div class=\"wp-block-column is-layout-flow wp-block-column-is-layout-flow\">\n<div class=\"wp-block-image\"><figure class=\"aligncenter\"><img loading=\"lazy\" decoding=\"async\" width=\"1500\" height=\"1500\" src=\"http:\/\/tamashi.eu\/app\/uploads\/2019\/05\/goodmorning-detail-bottle-1.jpg\" alt=\"\" class=\"wp-image-720\" srcset=\"https:\/\/gmorning.wpenginepowered.com\/app\/uploads\/2019\/05\/goodmorning-detail-bottle-1.jpg 1500w, https:\/\/gmorning.wpenginepowered.com\/app\/uploads\/2019\/05\/goodmorning-detail-bottle-1-300x300.jpg 300w, https:\/\/gmorning.wpenginepowered.com\/app\/uploads\/2019\/05\/goodmorning-detail-bottle-1-768x768.jpg 768w, https:\/\/gmorning.wpenginepowered.com\/app\/uploads\/2019\/05\/goodmorning-detail-bottle-1-600x600.jpg 600w, https:\/\/gmorning.wpenginepowered.com\/app\/uploads\/2019\/05\/goodmorning-detail-bottle-1-1000x1000.jpg 1000w, https:\/\/gmorning.wpenginepowered.com\/app\/uploads\/2019\/05\/goodmorning-detail-bottle-1-1200x1200.jpg 1200w, https:\/\/gmorning.wpenginepowered.com\/app\/uploads\/2019\/05\/goodmorning-detail-bottle-1-100x100.jpg 100w\" sizes=\"auto, (max-width: 1500px) 100vw, 1500px\" \/><\/figure><\/div>\n\n\n\n<figure><\/figure>\n<\/div>\n\n\n\n<div class=\"wp-block-column is-layout-flow wp-block-column-is-layout-flow\">\n<p>Tamashi est n\u00e9e\nde la conviction que chaque individu a plus de potentiel que ce qu\u2019il exprime souvent,\ntant en ce qui concerne le d\u00e9veloppement personnel que l\u2019exp\u00e9rience de vie. \u00c0\nl\u2019heure actuelle, notre soci\u00e9t\u00e9 pr\u00eate toujours trop peu d\u2019attention aux\npersonnes en tant qu\u2019individus. Toutefois, \u00e0 notre \u00e9poque o\u00f9 la pression du travail\nest particuli\u00e8rement \u00e9lev\u00e9e, avec le stress et les burnouts que cela peut\nengendrer, un mouvement a \u00e9t\u00e9 lanc\u00e9 qui met en avant une attention particuli\u00e8re\npour notre exp\u00e9rience personnelle de vie.<\/p>\n\n\n\n<p>C\u2019est de cette\nattention croissante que s\u2019est d\u00e9velopp\u00e9 le concept Tamashi pour devenir ce\nqu\u2019il est aujourd\u2019hui.<\/p>\n<\/div>\n<\/div>\n\n\n\n<div style=\"height:50px\" aria-hidden=\"true\" class=\"wp-block-spacer\"><\/div>\n\n\n\n<div class=\"wp-block-image small\"><figure class=\"aligncenter is-resized\"><img loading=\"lazy\" decoding=\"async\" src=\"https:\/\/tamashi.eu\/app\/uploads\/2019\/05\/about-circles-1.jpg\" alt=\"\" class=\"wp-image-600\" width=\"400\" height=\"400\" srcset=\"https:\/\/gmorning.wpenginepowered.com\/app\/uploads\/2019\/05\/about-circles-1.jpg 800w, https:\/\/gmorning.wpenginepowered.com\/app\/uploads\/2019\/05\/about-circles-1-300x300.jpg 300w, https:\/\/gmorning.wpenginepowered.com\/app\/uploads\/2019\/05\/about-circles-1-768x768.jpg 768w, https:\/\/gmorning.wpenginepowered.com\/app\/uploads\/2019\/05\/about-circles-1-600x600.jpg 600w, https:\/\/gmorning.wpenginepowered.com\/app\/uploads\/2019\/05\/about-circles-1-100x100.jpg 100w\" sizes=\"auto, (max-width: 400px) 100vw, 400px\" \/><\/figure><\/div>\n\n\n\n<div style=\"height:20px\" aria-hidden=\"true\" class=\"wp-block-spacer\"><\/div>\n\n\n\n<div style=\"height:20px\" aria-hidden=\"true\" class=\"wp-block-spacer\"><\/div>\n\n\n\n<div style=\"height:20px\" aria-hidden=\"true\" class=\"wp-block-spacer\"><\/div>\n\n\n\n<div style=\"height:20px\" aria-hidden=\"true\" class=\"wp-block-spacer\"><\/div>\n\n\n\n<div style=\"height:20px\" aria-hidden=\"true\" class=\"wp-block-spacer\"><\/div>\n\n\n\n<div style=\"height:20px\" aria-hidden=\"true\" class=\"wp-block-spacer\"><\/div>\n\n\n\n<div style=\"height:20px\" aria-hidden=\"true\" class=\"wp-block-spacer\"><\/div>\n\n\n\n<p>Notre vision porte\nsur la relation triangulaire entre l\u2019esprit, le corps et l\u2019\u00e2me, un esprit et un\ncorps sains constituant une base saine pour une \u00e2me optimale. Dans notre\ndictionnaire, l\u2019 \u00ab&nbsp;\u00e2me&nbsp;\u00bb est en effet d\u00e9finie comme l\u2019exp\u00e9rience de\nla vie, ce qui se traduit en japonais par\u2026 Tamashi !<\/p>\n\n\n\n<p><a>Beaucoup de gens se concentrent trop sur l\u2019\u00e2me, et en oublient que tout\ncommence par le corps et l\u2019esprit. <\/a>C\u2019est\njustement dans ce domaine que nous voulons offrir notre expertise et concevoir\ndes solutions simples qui donnent \u00e0 notre communaut\u00e9 plus de go\u00fbt \u00e0 la vie et de\nl\u2019\u00e9nergie pour cr\u00e9er du bonheur.<\/p>\n\n\n\n<p>Goodmorning \u00e9tait\ndonc une suite logique lorsque nous avons fond\u00e9 Tamashi. Nous essayons de\nproposer \u00e0 notre communaut\u00e9 une solution totale dans le cadre de laquelle nous enseignons,\nd\u2019une part, l\u2019importance d\u2019<a href=\"https:\/\/blog.tamashi.eu\/7-stappen-voor-een-perfecte-morning-routine\">une bonne routine matinale<\/a>&nbsp;et d\u2019un&nbsp;<a href=\"https:\/\/blog.tamashi.eu\/fundamenten-gezond-ontbijt\">petit-d\u00e9jeuner sain<\/a> et pr\u00e9voyons, d\u2019autre part, une solution appropri\u00e9e\nde petit-d\u00e9jeuner pour les personnes qui trouvent que prendre le petit-d\u00e9jeuner\nest une perte de temps.<\/p>\n\n\n\n<p>We are Tamashi.\nWe exist for the purpose of bringing people closer to their goals!<\/p>\n\n\n\n<div style=\"height:110px\" aria-hidden=\"true\" class=\"wp-block-spacer\"><\/div>\n\n\n\n<blockquote class=\"wp-block-quote has-text-align-center small is-layout-flow wp-block-quote-is-layout-flow\"><p>We are Tamashi. We exist for the purpose of bringing people closer to their goals!<\/p><\/blockquote>\n\n\n\n<div style=\"height:110px\" aria-hidden=\"true\" class=\"wp-block-spacer\"><\/div>\n\n\n\n<h2 class=\"has-text-align-center wp-block-heading\">Nos normes et valeurs<\/h2>\n\n\n\n<p class=\"has-text-align-center\">Tout ce que nous\ndisons et faisons repose sur ces quatre piliers&nbsp;:<\/p>\n\n\n\n<div style=\"height:10px\" aria-hidden=\"true\" class=\"wp-block-spacer\"><\/div>\n\n\n\n<ol class=\"list-cards wp-block-list\"><li> \u201cThis moment is all there is.\u201d Vous \u00eates fier de ce que vous faites en ce moment ? Vous \u00eates heureux ? Vous ne vivez qu\u2019une fois. Veillez donc \u00e0 tirer le meilleur de votre vie.<\/li><li>\u201cYou\u2019re always in control.\u201d Il est rare que nous ma\u00eetrisions notre environnement ou les circonstances qui nous entourent. Mais ce que nous pouvons ma\u00eetriser, c\u2019est la mani\u00e8re dont nous interpr\u00e9tons ces \u00e9v\u00e9nements et la mani\u00e8re dont nous les g\u00e9rons. Vous avez toujours le contr\u00f4le total de vos propres d\u00e9cisions.<\/li><li>\u201cThe truth is the only way.\u201d L\u2019honn\u00eatet\u00e9 est la meilleure des politesses. Il n\u2019y a pas d\u2019honneur et pas de progression dans des mensonges ou des v\u00e9rit\u00e9s d\u00e9form\u00e9es.<\/li><li> \u201cAm I making an impact?\u201d La question que vous devez vous poser lors de chaque action : ce que je fais ou vais faire, est-ce que cela a une plus-value ? Cela peut \u00eatre tant pour vous que pour d\u2019autres personnes. Donnez du sens \u00e0 votre vie en vous posant \u00e0 chaque fois cette question. <\/li><\/ol>\n\n\n\n<div style=\"height:75px\" aria-hidden=\"true\" class=\"wp-block-spacer\"><\/div>\n\n\n\n<p>Tamashi est convaincue que, si nous filtrons toutes nos actions par ces quatre piliers, nous prendrons rarement une mauvaise d\u00e9cision. Et si nous prenons une mauvaise d\u00e9cision, nous ne devons pas avoir peur du r\u00e9sultat final, vu que nous avons pris la d\u00e9cision en \u00e2me et conscience et avec une bonne compr\u00e9hension. Nous ne pouvons pas nous attendre \u00e0 plus de nous-m\u00eames.<\/p>\n\n\n\n<div style=\"height:110px\" aria-hidden=\"true\" class=\"wp-block-spacer\"><\/div>\n\n\n\n<figure class=\"wp-block-image alignfull\"><img loading=\"lazy\" decoding=\"async\" width=\"2500\" height=\"1487\" src=\"http:\/\/tamashi.eu\/app\/uploads\/2019\/05\/Goodmorning-man-reading-full-width.jpg\" alt=\"\" class=\"wp-image-715\" srcset=\"https:\/\/gmorning.wpenginepowered.com\/app\/uploads\/2019\/05\/Goodmorning-man-reading-full-width.jpg 2500w, https:\/\/gmorning.wpenginepowered.com\/app\/uploads\/2019\/05\/Goodmorning-man-reading-full-width-300x178.jpg 300w, https:\/\/gmorning.wpenginepowered.com\/app\/uploads\/2019\/05\/Goodmorning-man-reading-full-width-768x457.jpg 768w, https:\/\/gmorning.wpenginepowered.com\/app\/uploads\/2019\/05\/Goodmorning-man-reading-full-width-600x357.jpg 600w, https:\/\/gmorning.wpenginepowered.com\/app\/uploads\/2019\/05\/Goodmorning-man-reading-full-width-1000x595.jpg 1000w, https:\/\/gmorning.wpenginepowered.com\/app\/uploads\/2019\/05\/Goodmorning-man-reading-full-width-1200x714.jpg 1200w, https:\/\/gmorning.wpenginepowered.com\/app\/uploads\/2019\/05\/Goodmorning-man-reading-full-width-1600x952.jpg 1600w, https:\/\/gmorning.wpenginepowered.com\/app\/uploads\/2019\/05\/Goodmorning-man-reading-full-width-2000x1190.jpg 2000w\" sizes=\"auto, (max-width: 2500px) 100vw, 2500px\" \/><\/figure>\n\n\n\n<div style=\"height:20px\" aria-hidden=\"true\" class=\"wp-block-spacer\"><\/div>\n\n\n\n<div style=\"height:20px\" aria-hidden=\"true\" class=\"wp-block-spacer\"><\/div>\n\n\n\n<div style=\"height:20px\" aria-hidden=\"true\" class=\"wp-block-spacer\"><\/div>\n\n\n\n<div style=\"height:20px\" aria-hidden=\"true\" class=\"wp-block-spacer\"><\/div>\n\n\n\n<div style=\"height:20px\" aria-hidden=\"true\" class=\"wp-block-spacer\"><\/div>\n\n\n\n<div style=\"height:20px\" aria-hidden=\"true\" class=\"wp-block-spacer\"><\/div>\n\n\n\n<div style=\"height:20px\" aria-hidden=\"true\" class=\"wp-block-spacer\"><\/div>\n\n\n\n<h2 class=\"has-text-align-center wp-block-heading\">O\u00f9 allons-nous&nbsp;?<\/h2>\n\n\n\n<p class=\"has-text-align-center\">L\u2019objectif de\nTamashi est de trouver des solutions simples qui nous permettent d\u2019aider le\nplus de gens possible. Nous avons lanc\u00e9 Goodmorning que nous souhaitons\nraffiner davantage \u00e0 l\u2019avenir \u00e0 l\u2019aide du feed-back de notre communaut\u00e9. Nous voulons\n\u00e9videmment \u00e9galement aller de l\u2019avant et travailler au lancement d\u2019un deuxi\u00e8me\nproduit en 2020 gr\u00e2ce auquel nous esp\u00e9rons aider les gens \u00e0 tirer le maximum\nd\u2019eux-m\u00eames.<\/p>\n\n\n\n<div style=\"height:20px\" aria-hidden=\"true\" class=\"wp-block-spacer\"><\/div>\n\n\n\n<div style=\"height:20px\" aria-hidden=\"true\" class=\"wp-block-spacer\"><\/div>\n\n\n\n<div style=\"height:20px\" aria-hidden=\"true\" class=\"wp-block-spacer\"><\/div>\n\n\n\n<div class=\"wp-block-columns has-2-columns columns-center is-layout-flex wp-container-core-columns-is-layout-9d6595d7 wp-block-columns-is-layout-flex\">\n<div class=\"wp-block-column is-layout-flow wp-block-column-is-layout-flow\">\n<h5 class=\"wp-block-heading\">Timeline Tamashi<\/h5>\n\n\n\n<ul class=\"wp-block-list\"><li><strong>Mars 2018:<\/strong>\u00a0notre fondateur a toujours \u00e9t\u00e9 inspir\u00e9 \u00e0 aider les gens, \u00e0 reconna\u00eetre leur vrai potentiel. Toutefois, aucun plan concret n\u2019avait encore \u00e9t\u00e9 \u00e9labor\u00e9 <\/li><li><strong>Avril 2018:<\/strong> la vision devient      plus concr\u00e8te\u00a0: l\u2019id\u00e9e Tamashi est officiellement n\u00e9e, mais sous un      autre nom.<\/li><li><strong>Juin 2018 \u2013 septembre 2018: <\/strong>le d\u00e9veloppement du produit et la qu\u00eate du partenaire appropri\u00e9 ne sont pas une sin\u00e9cure. Une base est finalement cr\u00e9\u00e9e.<\/li><li><strong>Octobre 2018 \u2013 d\u00e9cembre 2018:<\/strong> tant le produit que la routine matinale id\u00e9ale sont enti\u00e8rement \u00e9labor\u00e9s.<\/li><li><strong>Janvier 2019:<\/strong> eur\u00eaka ! 34 \u00e9chantillons de test plus tard, nous aboutissons \u00e0 la premi\u00e8re version r\u00e9ussie de notre produit, proposant la vanille comme premier go\u00fbt.<\/li><li><strong>F\u00e9vrier 2019 \u2013 mai 2019: <\/strong>hourra ! Nous sommes parvenus \u00e0 produire une variante d\u00e9licieuse de caf\u00e9 et pr\u00e9parons le lancement.<\/li><li><strong>Juin 2019:<\/strong> nous lan\u00e7ons notre produit en Flandre et aux Pays-Bas et sommes curieux de conna\u00eetre les r\u00e9actions !<\/li><li><strong>Septembre 2019:<\/strong> Nous sommes maintenant disponibles dans toute la Belgique et la France.<\/li><li><strong>D\u00e9cembre 2019:<\/strong> Vous pouvez maintenant nous d\u00e9guster avec un plus petit paquet d&rsquo;\u00e9chantillons.<\/li><li><strong>Avril 2020:<\/strong> De nouvelles saveurs !<\/li><\/ul>\n<\/div>\n\n\n\n<div class=\"wp-block-column is-layout-flow wp-block-column-is-layout-flow\">\n<figure><\/figure>\n<\/div>\n<\/div>\n\n\n\n<div style=\"height:50px\" aria-hidden=\"true\" class=\"wp-block-spacer\"><\/div>\n\n\n\n<div style=\"height:110px\" aria-hidden=\"true\" class=\"wp-block-spacer\"><\/div>\n\n\n\n<blockquote class=\"wp-block-quote has-text-align-center small is-layout-flow wp-block-quote-is-layout-flow\"><p>Happiness is the highest form of health<\/p><\/blockquote>\n\n\n\n<div style=\"height:110px\" aria-hidden=\"true\" class=\"wp-block-spacer\"><\/div>\n\n\n\n<h2 class=\"has-text-align-center wp-block-heading\">Le visage de Tamashi : Amory<\/h2>\n\n\n\n<div style=\"height:20px\" aria-hidden=\"true\" class=\"wp-block-spacer\"><\/div>\n\n\n\n<div style=\"height:20px\" aria-hidden=\"true\" class=\"wp-block-spacer\"><\/div>\n\n\n\n<div style=\"height:20px\" aria-hidden=\"true\" class=\"wp-block-spacer\"><\/div>\n\n\n\n<div style=\"height:20px\" aria-hidden=\"true\" class=\"wp-block-spacer\"><\/div>\n\n\n\n<div style=\"height:20px\" aria-hidden=\"true\" class=\"wp-block-spacer\"><\/div>\n\n\n\n<div style=\"height:20px\" aria-hidden=\"true\" class=\"wp-block-spacer\"><\/div>\n\n\n\n<div class=\"wp-block-columns has-2-columns align-items-center big is-layout-flex wp-container-core-columns-is-layout-9d6595d7 wp-block-columns-is-layout-flex\">\n<div class=\"wp-block-column is-layout-flow wp-block-column-is-layout-flow\">\n<figure class=\"wp-block-image\"><img loading=\"lazy\" decoding=\"async\" width=\"1500\" height=\"1500\" src=\"http:\/\/tamashi.eu\/app\/uploads\/2019\/05\/amory-founder-tamashi-2.jpg\" alt=\"\" class=\"wp-image-695\" srcset=\"https:\/\/gmorning.wpenginepowered.com\/app\/uploads\/2019\/05\/amory-founder-tamashi-2.jpg 1500w, https:\/\/gmorning.wpenginepowered.com\/app\/uploads\/2019\/05\/amory-founder-tamashi-2-300x300.jpg 300w, https:\/\/gmorning.wpenginepowered.com\/app\/uploads\/2019\/05\/amory-founder-tamashi-2-768x768.jpg 768w, https:\/\/gmorning.wpenginepowered.com\/app\/uploads\/2019\/05\/amory-founder-tamashi-2-600x600.jpg 600w, https:\/\/gmorning.wpenginepowered.com\/app\/uploads\/2019\/05\/amory-founder-tamashi-2-1000x1000.jpg 1000w, https:\/\/gmorning.wpenginepowered.com\/app\/uploads\/2019\/05\/amory-founder-tamashi-2-1200x1200.jpg 1200w, https:\/\/gmorning.wpenginepowered.com\/app\/uploads\/2019\/05\/amory-founder-tamashi-2-100x100.jpg 100w\" sizes=\"auto, (max-width: 1500px) 100vw, 1500px\" \/><\/figure>\n<\/div>\n\n\n\n<div class=\"wp-block-column is-layout-flow wp-block-column-is-layout-flow\">\n<p>Je m\u2019appelle Amory. Le d\u00e9veloppement personnel m\u2019a toujours fortement int\u00e9ress\u00e9, tant au plan physique que mental, mais \u00e9galement dans le domaine social et dans ma carri\u00e8re. \u00c0 17 ans, mon aversion pour le caract\u00e8re superficiel de notre vie quotidienne m\u2019a permis de faire connaissance avec le bouddhisme. <\/p>\n\n\n\n<p>Le bouddhisme \u00e9tait pour moi le premier contact avec un mouvement o\u00f9 l\u2019on prend sa vie en main. Ce principe occupait, et occupe toujours, une place centrale dans ma vie. En me plongeant dedans, j\u2019ai d\u00e9couvert de nouvelles philosophies et de nouveaux courants de pens\u00e9e qui m\u2019ont donn\u00e9 un regard neuf sur notre soci\u00e9t\u00e9.<\/p>\n<\/div>\n<\/div>\n\n\n\n<div style=\"height:75px\" aria-hidden=\"true\" class=\"wp-block-spacer\"><\/div>\n\n\n\n<p>Ma vraie passion est de r\u00e9fl\u00e9chir \u00e0 la mani\u00e8re dont nous pouvons devenir davantage nous-m\u00eames en consid\u00e9rant les structures qui reviennent dans notre syst\u00e8me de croyance et nos actions et en les traduisant en quelque chose qui nous rend plus heureux. C\u2019est de cette passion que Tamashi est n\u00e9e. Pour moi, Tamashi est un moyen qui me permet d\u2019avoir un impact discret sur le monde comme je le vois : reprendre en main notre propre bonheur. Je veux me battre pour cela. <\/p>\n\n\n\n<p>Donner la meilleure version de soi n\u2019est pas toujours facile. On doit faire de nombreux sacrifices. Mais je suis convaincu que, au final, cela apportera une v\u00e9ritable contribution \u00e0 une vie pr\u00e9cieuse et heureuse.<\/p>\n\n\n\n<div style=\"height:100px\" aria-hidden=\"true\" class=\"wp-block-spacer\"><\/div>\n","protected":false},"excerpt":{"rendered":"<p>We\u2019re on a mission to make your mornings easier and healthier. L\u2019histoire de Tamashi Tamashi est n\u00e9e de la conviction&#8230;<\/p>\n","protected":false},"author":1,"featured_media":0,"parent":0,"menu_order":0,"comment_status":"closed","ping_status":"closed","template":"templates\/tpl-builder.php","meta":{"spay_email":"","footnotes":""},"class_list":["post-1212","page","type-page","status-publish","hentry"],"_links":{"self":[{"href":"https:\/\/tamashi.eu\/fr\/wp-json\/wp\/v2\/pages\/1212\/"}],"collection":[{"href":"https:\/\/tamashi.eu\/fr\/wp-json\/wp\/v2\/pages\/"}],"about":[{"href":"https:\/\/tamashi.eu\/fr\/wp-json\/wp\/v2\/types\/page\/"}],"author":[{"embeddable":true,"href":"https:\/\/tamashi.eu\/fr\/wp-json\/wp\/v2\/users\/1\/"}],"replies":[{"embeddable":true,"href":"https:\/\/tamashi.eu\/fr\/wp-json\/wp\/v2\/comments\/?post=1212"}],"version-history":[{"count":0,"href":"https:\/\/tamashi.eu\/fr\/wp-json\/wp\/v2\/pages\/1212\/revisions\/"}],"wp:attachment":[{"href":"https:\/\/tamashi.eu\/fr\/wp-json\/wp\/v2\/media\/?parent=1212"}],"curies":[{"name":"wp","href":"https:\/\/api.w.org\/{rel}","templated":true}]}}