

{"id":1264,"date":"2019-05-14T17:35:28","date_gmt":"2019-05-14T15:35:28","guid":{"rendered":"https:\/\/tamashi.eu\/disclaimer\/"},"modified":"2019-08-29T00:52:07","modified_gmt":"2019-08-28T22:52:07","slug":"clause-de-non-responsabilite","status":"publish","type":"page","link":"https:\/\/tamashi.eu\/fr\/clause-de-non-responsabilite\/","title":{"rendered":"Clause de non-responsabilit\u00e9"},"content":{"rendered":"\n<p>Les conseils de Tamashi ne sont pas cens\u00e9s remplacer les traitements m\u00e9dicaux r\u00e9guliers pr\u00e9conis\u00e9s par votre m\u00e9decin (g\u00e9n\u00e9raliste) ou votre sp\u00e9cialiste. Les conseils de Tamashi constituent uniquement des directives visant un mode de vie meilleur. En cas de probl\u00e8mes de sant\u00e9 aigus ou de d\u00e9t\u00e9rioration de vos probl\u00e8mes de sant\u00e9, nous vous conseillons de prendre imm\u00e9diatement contact avec votre m\u00e9decin (g\u00e9n\u00e9raliste) ou votre sp\u00e9cialiste.<\/p>\n","protected":false},"excerpt":{"rendered":"<p>Les conseils de Tamashi ne sont pas cens\u00e9s remplacer les traitements m\u00e9dicaux r\u00e9guliers pr\u00e9conis\u00e9s par votre m\u00e9decin (g\u00e9n\u00e9raliste) ou votre&#8230;<\/p>\n","protected":false},"author":1,"featured_media":0,"parent":0,"menu_order":0,"comment_status":"closed","ping_status":"closed","template":"templates\/tpl-page.php","meta":{"spay_email":"","footnotes":""},"class_list":["post-1264","page","type-page","status-publish","hentry"],"_links":{"self":[{"href":"https:\/\/tamashi.eu\/fr\/wp-json\/wp\/v2\/pages\/1264\/"}],"collection":[{"href":"https:\/\/tamashi.eu\/fr\/wp-json\/wp\/v2\/pages\/"}],"about":[{"href":"https:\/\/tamashi.eu\/fr\/wp-json\/wp\/v2\/types\/page\/"}],"author":[{"embeddable":true,"href":"https:\/\/tamashi.eu\/fr\/wp-json\/wp\/v2\/users\/1\/"}],"replies":[{"embeddable":true,"href":"https:\/\/tamashi.eu\/fr\/wp-json\/wp\/v2\/comments\/?post=1264"}],"version-history":[{"count":0,"href":"https:\/\/tamashi.eu\/fr\/wp-json\/wp\/v2\/pages\/1264\/revisions\/"}],"wp:attachment":[{"href":"https:\/\/tamashi.eu\/fr\/wp-json\/wp\/v2\/media\/?parent=1264"}],"curies":[{"name":"wp","href":"https:\/\/api.w.org\/{rel}","templated":true}]}}